{"id":163,"date":"2021-01-02T17:48:23","date_gmt":"2021-01-02T17:48:23","guid":{"rendered":"http:\/\/suagro.com.tr\/?page_id=163"},"modified":"2021-01-02T21:30:20","modified_gmt":"2021-01-02T21:30:20","slug":"giris","status":"publish","type":"page","link":"http:\/\/suagro.com.tr\/index.php\/giris\/","title":{"rendered":"Giri\u015f"},"content":{"rendered":"\n<p><strong><!--noptimize--><link href=\"https:\/\/fonts.googleapis.com\/icon?family=Material+Icons\" rel=\"stylesheet\">\r\n<div class=\"rmagic rm_theme_matchmytheme rm_layout_label_left\"><style><\/style><div class=\"rmcontent\"><style type=\"text\/css\">label span.required { color: #B94A48; }span.help-inline, span.help-block { color: #888; font-size: .9em; font-style: italic; }<\/style><form novalidate onsubmit=\"return gotonext_form_1_1()\" autocomplete=\"off\"  action id=\"form_1_1\" method=\"post\" class=\"rmagic-form rmagic-form-btn-center form-horizontal\" name=\"rm_form\" number=\"1\" style=\"\"><fieldset><input type=\"hidden\" name=\"rm_form_sub_id\" value=form_1_1><input type=\"hidden\" name=\"rm_form_sub_no\" value=1><input type=\"hidden\" name=\"rm_cond_hidden_fields\" id=\"rm_cond_hidden_fields\" value=\"\"><div id=\"rm_stat_container\" style=\"display:none\"><div class=\"rmrow\"><div class=\"rmfield\" for=\"form_1_1-element-1\" style=\"\"><label>RM_Stats<\/label><\/div><div class=\"rminput\"><input type=\"text\" name=\"stat_id\" value=\"__uninit\" style=\"display:none\" id=\"form_1_1-element-1\"\/><\/div><\/div><\/div><div class=\"rm_form_page rmformpage_form_1_1\" id=\"rm_form_page_form_1_1_1\"><fieldset class='rmfieldset'><div class=\"rmrow\"><div class=\"rmfield\" for=\"form_1_1-element-5\" style=\"\"><label>Ad\u0131<\/label><\/div><div class=\"rminput\"><input type=\"text\" name=\"Fname_17\" value=\"\" id=\"form_1_1-element-5\"\/><\/div><\/div><div class=\"rmrow\"><div class=\"rmfield\" for=\"form_1_1-element-6\" style=\"\"><label>Soyad\u0131<\/label><\/div><div class=\"rminput\"><input type=\"text\" name=\"Lname_18\" value=\"\" id=\"form_1_1-element-6\"\/><\/div><\/div><div class=\"rmrow\"><div class=\"rmfield\" for=\"rm_mobile_16_1_1\" style=\"\"><label>Cep Telefonunuz<\/label><\/div><div class=\"rminput\"><input type=\"text\" name=\"Textbox_16\" value=\"\" id=\"rm_mobile_16_1_1\" data-error-message=\"Cep telefon numaran\u0131z\u0131 yanl\u0131\u015f girdiniz. L\u00fctfen d\u00fczeltiniz.\" placeholder=\"(000)-000-0000\" pattern=\".{14}\"\/><\/div><\/div><div class=\"rmrow\"><div class=\"rmfield\" for=\"form_1_1-element-8\" style=\"\"><label>Kullan\u0131c\u0131 Ad\u0131<sup class=\"required\">&nbsp;*<\/sup><\/label><\/div><div class=\"rminput\"><input type=\"text\" name=\"username\" required value=\"\" id=\"form_1_1-element-8\"\/><\/div><div class=\"rmnote\"><div class=\"rmprenote\"><\/div><div class=\"rmnotecontent\">Sitemizde kullanmak istedi\u011finiz kullan\u0131c\u0131 ad\u0131n\u0131 giriniz.<\/div><\/div><\/div><div class=\"rmrow\"><div class=\"rmfield\" for=\"rm_reg_form_pw_1_1\" style=\"\"><label>\u015eifre<sup class=\"required\">&nbsp;*<\/sup><\/label><\/div><div class=\"rminput\"><input type=\"password\" name=\"pwd\" placeholder=\"\u015eifre giriniz.\" required value=\"\" id=\"rm_reg_form_pw_1_1\" style=\"\" labelstyle=\"\" minlength=\"7\"\/><\/div><div class=\"rmnote\"><div class=\"rmprenote\"><\/div><div class=\"rmnotecontent\">\u015eifreniz en az 7 karakter uzunlu\u011funda olmal\u0131d\u0131r.<\/div><\/div><\/div><div class=\"rmrow\"><div class=\"rmfield\" for=\"rm_reg_form_pw_reentry\" style=\"\"><label>Enter password again<sup class=\"required\">&nbsp;*<\/sup><\/label><\/div><div class=\"rminput\"><input type=\"password\" name=\"password_confirmation\" placeholder=\"Confirm Password\" required value=\"\" id=\"rm_reg_form_pw_reentry\"\/><\/div><div class=\"rmnote\"><div class=\"rmprenote\"><\/div><div class=\"rmnotecontent\">\u015eifreniz en az 7 karakter uzunlu\u011funda olmal\u0131d\u0131r.<\/div><\/div><\/div><div class=\"rmrow\"><div class=\"rmfield\" for=\"form_1_1-element-11\" style=\"\"><label>Email<sup class=\"required\">&nbsp;*<\/sup><\/label><\/div><div class=\"rminput\"><input type=\"email\" name=\"Email_1\" placeholder=\"Email\" required value=\"\" id=\"form_1_1-element-11\"\/><\/div><\/div><\/fieldset><\/div><div class=\"buttonarea\"><input   type=\"submit\" value=\"\u00dcye Ol\" name=\"rm_sb_btn\" style=\"\" id=\"rm_next_form_page_button_1_1\" class=\"rm_next_btn rm-btn rm-btn-primary\"\/> <input   type=\"submit\" value=\"\u00dcye Ol\" name=\"rm_sb_btn\" style=\"\" class=\"rm_noscript_btn rm-btn rm-btn-primary\" id=\"form_1_1-element-15\"\/><\/div>                \r\n   <pre class='rm-pre-wrapper-for-script-tags'><script>\r\n                \r\nif (typeof window['rm_multipage'] == 'undefined') {\r\n\r\n    rm_multipage = {\r\n        global_page_no_form_1_1: 1\r\n    };\r\n\r\n}\r\nelse\r\n rm_multipage.global_page_no_form_1_1 = 1;\r\n\r\nfunction gotonext_form_1_1(){\r\n\t\r\n        maxpage = 1 ;\r\n        var form_object= jQuery(\"#rm_form_page_form_1_1_\"+rm_multipage.global_page_no_form_1_1).closest(\"form\");\r\n                jQuery.validator.setDefaults({errorClass: 'rm-form-field-invalid-msg',\r\n                                        ignore:':hidden,.ignore',wrapper:'div',\r\n                                       errorPlacement: function(error, element) {\r\n                                                            \/\/error.appendTo(element.closest('.rminput'));\r\n                                                            error.appendTo(element.closest('div'));\r\n                                                          },\r\n                                      rules: {        \r\n        password: {\r\n            required: true,\r\n            minlength: 7\r\n        },\r\n        password_confirmation: {\r\n            required: true,\r\n            equalTo: \"#rm_reg_form_pw_1_1\"\r\n        }\r\n            },\r\n        messages: {\r\n        password_confirmation: {\r\n            equalTo: \"Your passwords do not match. Please check again.\"\r\n        }\r\n            }\r\n                                    });\r\n        if(form_object.find('.rm_privacy_cb').is(':visible') && !form_object.find('.rm_privacy_cb').prop('checked')){\r\n             form_object.find('.rm_privacy_cb').trigger('change');\r\n             return false;\r\n        }\r\n        if(jQuery(\"#rm_form_page_form_1_1_\"+rm_multipage.global_page_no_form_1_1+\" :input\").length > 0)\r\n        {\r\n            var elements_to_validate= jQuery(\"#rm_form_page_form_1_1_\"+rm_multipage.global_page_no_form_1_1+\" :input\");\r\n            var valid = elements_to_validate.valid();\r\n            elements_to_validate.each(function(){\r\n            var if_mobile= jQuery(this).attr('data-mobile-intel-field');\r\n                if(if_mobile){\r\n                    var tel_error= rm_toggle_tel_error(jQuery(this).intlTelInput('isValidNumber'),jQuery(this),jQuery(this).data('error-message'));\r\n                    if(tel_error){\r\n                        valid= false;\r\n                    }\r\n                    else\r\n                    {\r\n                        jQuery(this).val(jQuery(this).intlTelInput('getNumber'));\r\n                    }\r\n                }\r\n            });\r\n                \r\n            if(!valid)\r\n            {\r\n                setTimeout(function(){ jQuery(\"#rm_next_form_page_button_1_1\").removeProp('disabled');}, 1000);\r\n                var error_element= jQuery(document).find(\"input.rm-form-field-invalid-msg\")[0];\r\n                if(error_element){\r\n                    error_element.focus();\r\n                }\r\n                return false;\r\n            }\r\n        }\r\n        \r\n        \/* Server validation for Username and Email field *\/\r\n        for(var i=0;i<rm_validation_attr.length;i++){\r\n            var validation_flag= true;\r\n            jQuery(\"[\" + rm_validation_attr[i] + \"=0]\").each(function(){\r\n               validation_flag= false;\r\n               return false;\r\n            });\r\n            \r\n            if(!validation_flag)\r\n              return;\r\n        }\r\n        \r\n        \r\n        rm_multipage.global_page_no_form_1_1++;\r\n        \r\n        \/*skip blank form pages*\/\r\n        while(jQuery(\"#rm_form_page_form_1_1_\"+rm_multipage.global_page_no_form_1_1+\" :input\").length == 0)\r\n        {\r\n        \r\n            if(maxpage <= rm_multipage.global_page_no_form_1_1)\r\n            {\r\n                    if(jQuery(\"#rm_form_page_form_1_1_\"+rm_multipage.global_page_no_form_1_1+\" :input\").length == 0){\r\n                        jQuery(\"#rm_next_form_page_button_1_1\").prop('type','submit');\r\n                        jQuery(\"#rm_prev_form_page_button_1_1\").prop('disabled',true);\r\n                        return;\r\n                    }        \r\n                    else\r\n                        break;\r\n            }\r\n        \r\n            rm_multipage.global_page_no_form_1_1++;\r\n        }\r\n            \r\n\t\r\n\tif(maxpage < rm_multipage.global_page_no_form_1_1)\r\n\t{\r\n\t\trm_multipage.global_page_no_form_1_1 = maxpage;\r\n\t\tjQuery(\"#rm_next_form_page_button_1_1\").prop('type','submit');\r\n                jQuery(\"#rm_prev_form_page_button_1_1\").prop('disabled',true);\r\n\t\treturn;\r\n\t}\r\n\tjQuery(\".rmformpage_form_1_1\").each(function (){\r\n\t\tvar visibledivid = \"rm_form_page_form_1_1_\"+rm_multipage.global_page_no_form_1_1;\r\n\t\tif(jQuery(this).attr('id') == visibledivid)\r\n\t\t\tjQuery(this).show();\r\n\t\telse\r\n\t\t\tjQuery(this).hide();\r\n\t});\r\n        jQuery('html, body').animate({\r\n            scrollTop: (jQuery('.rmformpage_form_1_1').first().offset().top)\r\n        },500);\r\n        jQuery(\"#rm_prev_form_page_button_1_1\").prop('disabled',false);\r\n        rmInitGoogleApi();\r\n}\r\nfunction gotoprev_form_1_1(){\r\n\t\r\n\tmaxpage = 1 ;\r\n        var form_object= jQuery(\"#rm_form_page_form_1_1_\"+rm_multipage.global_page_no_form_1_1).closest(\"form\");\r\n\trm_multipage.global_page_no_form_1_1--;\r\n        jQuery(\"#rm_next_form_page_button_1_1\").attr('type','button');        \r\n        if(form_object.find('.rm_privacy_cb').is(':visible') && !form_object.find('.rm_privacy_cb').prop('checked')){\r\n             form_object.find('.rm_privacy_cb').trigger('change');\r\n             return false;\r\n        } \r\n        \/*skip blank form pages*\/\r\n        while(jQuery(\"#rm_form_page_form_1_1_\"+rm_multipage.global_page_no_form_1_1+\" :input\").length == 0)\r\n        {\r\n            if(1 >= rm_multipage.global_page_no_form_1_1)\r\n            {\r\n                    if(jQuery(\"#rm_form_page_form_1_1_\"+rm_multipage.global_page_no_form_1_1+\" :input\").length == 0){\r\n                        rm_multipage.global_page_no_form_1_1 = 1;\r\n                        jQuery(\"#rm_prev_form_page_button_1_1\").prop('disabled',true);\r\n                        return;\r\n                    }        \r\n                    else\r\n                        break;\r\n            }\r\n        \r\n            rm_multipage.global_page_no_form_1_1--;\r\n        }\r\n        \r\n\tjQuery(\".rmformpage_form_1_1\").each(function (){\r\n\t\tvar visibledivid = \"rm_form_page_form_1_1_\"+rm_multipage.global_page_no_form_1_1;\r\n\t\tif(jQuery(this).attr('id') == visibledivid)\r\n\t\t\tjQuery(this).show();\r\n\t\telse\r\n\t\t\tjQuery(this).hide();\r\n\t});\r\n        \r\n        if(rm_multipage.global_page_no_form_1_1 <= 1)\r\n        {\r\n            rm_multipage.global_page_no_form_1_1 = 1;\r\n            jQuery(\"#rm_prev_form_page_button_1_1\").prop('disabled',true);\r\n        }\r\n        jQuery('html, body').animate({\r\n            scrollTop: (jQuery('.rmformpage_form_1_1').first().offset().top)\r\n        },500);\r\n}         \r\n<\/script><\/pre><\/fieldset><\/form><pre class=\"rm-pre-wrapper-for-script-tags\"><script type=\"text\/javascript\">jQuery(document).ready(function() {\t\tjQuery(\"#form_1_1\").bind(\"submit\", function(){\r\n                        \/\/jQuery(this).find(\"input[name=rm_slug]\").attr(\"value\",jQuery(this).find(\"input[name=submit]\").attr(\"value\"));\r\n\t\t\tjQuery(this).find(\"input[type=submit]\").attr(\"disabled\", \"disabled\"); \r\n\t\t});            \r\n                   \r\n                   jQuery(\"#form_1_1-element-8\").change(function(){\r\n                   var data = {\r\n                           'action': 'rm_user_exists',\r\n                           'rm_slug': 'rm_user_exists',\r\n                           'username': jQuery(this).val(),\r\n                           'attr': 'data-rm-valid-username',\r\n                           'form_id':\"1\"\r\n                   };\r\n                   \r\n                   rm_user_exists(this,rm_ajax_url,data,\"This user is already registered. Please try with different username or login.\");\r\n                  \r\n                 });\r\n                       \r\n                   \r\n                   jQuery(\"#form_1_1-element-11\").change(function(){\r\n                   var data = {\r\n                           'action': 'rm_user_exists',\r\n                           'rm_slug': 'rm_user_exists',\r\n                           'email': jQuery(this).val(),\r\n                           'attr': 'data-rm-valid-email',\r\n                           'form_id':\"1\"\r\n                   };\r\n                   \r\n                   rm_user_exists(this,rm_ajax_url,data);\r\n                  \r\n                 });\r\n           }); <\/script><\/pre>        <noscript>\r\n            <div class=\"rm-js-disabled\"><b>Note: It looks like JavaScript is disabled in your browser. Some elements of this form may require JavaScript to work properly. If you have trouble submitting the form, try enabling JavaScript momentarily and resubmit. JavaScript settings are usually found in Browser Settings or Browser Developer menu.<\/b><\/div>\r\n            <style>\r\n                .rm_next_btn {display:none !important}\r\n                .rm_noscript_btn {display: block !important}\r\n            <\/style>\r\n        <\/noscript>\r\n    <\/div><\/div><!--\/noptimize--><\/strong><\/p>\n\n\n\n<p><\/p>\n\n\n\n<p><\/p>\n\n\n\n<p><\/p>\n","protected":false},"excerpt":{"rendered":"","protected":false},"author":2,"featured_media":0,"parent":0,"menu_order":0,"comment_status":"closed","ping_status":"closed","template":"","meta":{"om_disable_all_campaigns":false,"_monsterinsights_skip_tracking":false,"_monsterinsights_sitenote_active":false,"_monsterinsights_sitenote_note":"","_monsterinsights_sitenote_category":0,"spay_email":""},"_links":{"self":[{"href":"http:\/\/suagro.com.tr\/index.php\/wp-json\/wp\/v2\/pages\/163"}],"collection":[{"href":"http:\/\/suagro.com.tr\/index.php\/wp-json\/wp\/v2\/pages"}],"about":[{"href":"http:\/\/suagro.com.tr\/index.php\/wp-json\/wp\/v2\/types\/page"}],"author":[{"embeddable":true,"href":"http:\/\/suagro.com.tr\/index.php\/wp-json\/wp\/v2\/users\/2"}],"replies":[{"embeddable":true,"href":"http:\/\/suagro.com.tr\/index.php\/wp-json\/wp\/v2\/comments?post=163"}],"version-history":[{"count":6,"href":"http:\/\/suagro.com.tr\/index.php\/wp-json\/wp\/v2\/pages\/163\/revisions"}],"predecessor-version":[{"id":173,"href":"http:\/\/suagro.com.tr\/index.php\/wp-json\/wp\/v2\/pages\/163\/revisions\/173"}],"wp:attachment":[{"href":"http:\/\/suagro.com.tr\/index.php\/wp-json\/wp\/v2\/media?parent=163"}],"curies":[{"name":"wp","href":"https:\/\/api.w.org\/{rel}","templated":true}]}}