{"id":176,"date":"2021-02-20T19:32:19","date_gmt":"2021-02-20T19:32:19","guid":{"rendered":"http:\/\/suagro.com.tr\/?post_type=product&#038;p=176"},"modified":"2021-02-20T19:32:23","modified_gmt":"2021-02-20T19:32:23","slug":"maritima-marul-fidesi","status":"publish","type":"product","link":"http:\/\/suagro.com.tr\/index.php\/urun\/maritima-marul-fidesi\/","title":{"rendered":"Maritima Marul Fidesi"},"content":{"rendered":"<h3><strong>Maritima Marul Fidesi \u00d6zellikler<\/strong><strong>i<\/strong><\/h3>\n<ul>\n<li>Maritima Marulu; sonbahar, k\u0131\u015f ve ilkbahar yeti\u015ftiricili\u011fine uygun bir \u00e7e\u015fittir.<\/li>\n<li>Maritima marul fidesinin olgunluk s\u00fcresi yeti\u015ftirme d\u00f6nemi ve iklim ko\u015fullar\u0131na ba\u011fl\u0131 olarak ortalama 50 \u2013 85 g\u00fcn aras\u0131nda de\u011fi\u015fmektedir.<\/li>\n<li><strong>Maritima Marul\u00a0<\/strong>Fidesinin ba\u015f yap\u0131s\u0131 homojen, yapraklar\u0131 kal\u0131n, sulu ve gevrektir.<\/li>\n<li>Bitki y\u00fcksek yaprak say\u0131s\u0131 ile hacimlidir.<\/li>\n<li>Ortalama ba\u015f a\u011f\u0131rl\u0131\u011f\u0131 uygun iklim ve yeti\u015ftirme ko\u015fullar\u0131nda 750 \u2013 1.100 gr. d\u0131r.\n<p>Marul Mildiy\u00f6s\u00fcn\u00fcn 1-28,30,31 \u0131rklar\u0131na, marul yaprak bitine ve marul mozaik vir\u00fcs\u00fcne dayan\u0131kl\u0131d\u0131r.<\/li>\n<\/ul>\n<h4><strong>Tohum \u00dcreticisi : Enza Zaden \/ AG Tohumculuk<\/strong><\/h4>\n<p>Marul Fidesi Dikim Aral\u0131\u011f\u0131 :<\/p>\n<p>Tohum ve Fide \u0130htiya\u00e7lar\u0131n\u0131zla \u0130lgili Bizimle \u0130rtibata Ge\u00e7iniz.<\/p>\n<p>Marulfidesi.com Ekibi<\/p>\n<p>0 535 381 80 67<\/p>\n","protected":false},"excerpt":{"rendered":"<p>Maritima Marul Fidesi \u00d6zellikleri Maritima Marulu; sonbahar, k\u0131\u015f ve ilkbahar yeti\u015ftiricili\u011fine uygun bir \u00e7e\u015fittir. Maritima marul fidesinin olgunluk s\u00fcresi yeti\u015ftirme d\u00f6nemi ve iklim ko\u015fullar\u0131na ba\u011fl\u0131 olarak ortalama 50 \u2013 85 g\u00fcn aras\u0131nda de\u011fi\u015fmektedir. Maritima Marul\u00a0Fidesinin ba\u015f yap\u0131s\u0131 homojen, yapraklar\u0131 kal\u0131n, sulu ve gevrektir. Bitki y\u00fcksek yaprak say\u0131s\u0131 ile hacimlidir. Ortalama ba\u015f a\u011f\u0131rl\u0131\u011f\u0131 uygun iklim ve [&hellip;]<\/p>\n","protected":false},"featured_media":177,"comment_status":"open","ping_status":"closed","template":"","meta":{"om_disable_all_campaigns":false,"_monsterinsights_skip_tracking":false,"_monsterinsights_sitenote_active":false,"_monsterinsights_sitenote_note":"","_monsterinsights_sitenote_category":0,"spay_email":""},"_links":{"self":[{"href":"http:\/\/suagro.com.tr\/index.php\/wp-json\/wp\/v2\/product\/176"}],"collection":[{"href":"http:\/\/suagro.com.tr\/index.php\/wp-json\/wp\/v2\/product"}],"about":[{"href":"http:\/\/suagro.com.tr\/index.php\/wp-json\/wp\/v2\/types\/product"}],"replies":[{"embeddable":true,"href":"http:\/\/suagro.com.tr\/index.php\/wp-json\/wp\/v2\/comments?post=176"}],"wp:featuredmedia":[{"embeddable":true,"href":"http:\/\/suagro.com.tr\/index.php\/wp-json\/wp\/v2\/media\/177"}],"wp:attachment":[{"href":"http:\/\/suagro.com.tr\/index.php\/wp-json\/wp\/v2\/media?parent=176"}],"curies":[{"name":"wp","href":"https:\/\/api.w.org\/{rel}","templated":true}]}}