{"id":77,"date":"2020-07-02T20:35:21","date_gmt":"2020-07-02T20:35:21","guid":{"rendered":"http:\/\/suagro.com.tr\/?post_type=product&#038;p=77"},"modified":"2020-07-02T20:45:13","modified_gmt":"2020-07-02T20:45:13","slug":"cifo-floral-k-yaprak-gubresi-1-kg","status":"publish","type":"product","link":"http:\/\/suagro.com.tr\/index.php\/urun\/cifo-floral-k-yaprak-gubresi-1-kg\/","title":{"rendered":"Cifo Floral K Yaprak G\u00fcbresi 1 KG"},"content":{"rendered":"<div class=\"row\">\n<div class=\"col-sm-16\">\n<p><span style=\"font-size: small;\"><strong>Floral K<\/strong>, \u00f6zellikle t\u00fcm dekoratif ve tar\u0131msal mahsullerin ge\u00e7 biyolojik a\u015famalar\u0131 i\u00e7in belirtilen bir yaprak emilim preparat\u0131d\u0131r.\u00a0 NPK oran\u0131, hafif\u00e7e potasyum lehinedir ve y\u00fcksek dengeli olan eser elementleri, bitkilerin \u00fcretim d\u00f6ng\u00fcs\u00fcn\u00fcn tam olarak etkin bir \u015fekilde tamamlanmas\u0131n\u0131 sa\u011flamaktad\u0131r. \u0130\u00e7erdi\u011fi besin maddelerinin y\u00fcksek safl\u0131\u011f\u0131 ve kalitesi, \u00fcr\u00fcn\u00fcn tam \u00e7\u00f6z\u00fcn\u00fcrl\u00fc\u011f\u00fcn\u00fc ve d\u00fc\u015f\u00fck tuzlu \u00e7\u00f6zelti elde etmeyi sa\u011flar.<br \/>\n<strong>FLORAL K<\/strong>\u00a0kullan\u0131m\u0131, t\u00fcm \u00fcr\u00fcnler i\u00e7in uygundur ve \u00f6zellikle k\u0131\u015f stazlar\u0131ndan \u00f6nce ve nihai bitkisel uygulamalara \u00f6nerilir, \u00f6rn. Bitkilerin g\u00f6vdelerini, k\u00f6klerini ve yumrular\u0131n\u0131 besinsel maddeler ile zenginle\u015ftirdiklerinde, meyvelerinde m\u00fckemmel bir olgunla\u015fmay\u0131 ve dekoratif bitkilerde ise ta\u00e7 yaprak renklerini zenginle\u015ftirmeyi sa\u011flar.<br \/>\n<strong>FLORAL K<\/strong>\u2019n\u0131n, ya\u011fl\u0131 bitkilerdeki ya\u011f\u0131n, pancar ve \u00fcz\u00fcmdeki \u015feker seviyesinin de\u011ferlendirilmesinde ve meyvelerde daha derin renkler, aroma ve koku sa\u011flama konusunda, \u00fcretim kalitesi \u00fczerinde yararl\u0131 bir etkisi vard\u0131r.<\/span><\/p>\n<\/div>\n<\/div>\n<div class=\"row\">\n<div class=\"col-sm-16\">\n<div class=\"table-responsive\">\n<table class=\"table table-bordered\">\n<caption><span style=\"font-size: small;\">Garanti Edilen \u0130\u00e7erik (W\/W)<\/span><\/caption>\n<tbody>\n<tr>\n<td><span style=\"font-size: small;\">Toplam Azot (N)<\/span><\/td>\n<td><span style=\"font-size: small;\">%12<\/span><\/td>\n<\/tr>\n<tr>\n<td><span style=\"font-size: small;\">Nitrat Azotu (N)<\/span><\/td>\n<td><span style=\"font-size: small;\">%10<\/span><\/td>\n<\/tr>\n<tr>\n<td><span style=\"font-size: small;\">Amonyak Azotu (N)<\/span><\/td>\n<td><span style=\"font-size: small;\">%2<\/span><\/td>\n<\/tr>\n<tr>\n<td><span style=\"font-size: small;\">Suda \u00e7\u00f6z\u00fcn\u00fcr Fosfor PentaOksit (P2O5)<\/span><\/td>\n<td><span style=\"font-size: small;\">%5<\/span><\/td>\n<\/tr>\n<tr>\n<td><span style=\"font-size: small;\">Suda \u00e7\u00f6z\u00fcn\u00fcr Potasyum Oksit (K2O)<\/span><\/td>\n<td><span style=\"font-size: small;\">%35<\/span><\/td>\n<\/tr>\n<tr>\n<td><span style=\"font-size: small;\">Suda \u00e7\u00f6z\u00fcn\u00fcr Bor (B)<\/span><\/td>\n<td><span style=\"font-size: small;\">%0,1<\/span><\/td>\n<\/tr>\n<tr>\n<td><span style=\"font-size: small;\">EDTA \u015felatl\u0131 suda \u00e7\u00f6z\u00fcn\u00fcr Mangan (Mn)<\/span><\/td>\n<td><span style=\"font-size: small;\">%0,1<\/span><\/td>\n<\/tr>\n<tr>\n<td><span style=\"font-size: small;\">EDTA \u015felatl\u0131 suda \u00e7\u00f6z\u00fcn\u00fcr \u00c7inko (Zn)<\/span><\/td>\n<td><span style=\"font-size: small;\">%0,1<\/span><\/td>\n<\/tr>\n<tr>\n<td><span style=\"font-size: small;\">EDTA \u015felatl\u0131 suda \u00e7\u00f6z\u00fcn\u00fcr Bak\u0131r (Cu)<\/span><\/td>\n<td><span style=\"font-size: small;\">%0,1<\/span><\/td>\n<\/tr>\n<\/tbody>\n<\/table>\n<\/div>\n<div class=\"table-responsive\">\n<table class=\"table table-bordered\">\n<caption><span style=\"font-size: small;\">Fiziksel Bilgiler<\/span><\/caption>\n<tbody>\n<tr>\n<th><span style=\"font-size: small;\">pH<\/span><\/th>\n<td><span style=\"font-size: small;\">4 &#8211; 5 (%10 \u00e7\u00f6zeltide)<\/span><\/td>\n<\/tr>\n<tr>\n<th><span style=\"font-size: small;\">EC<\/span><\/th>\n<td><span style=\"font-size: small;\">2,040 mS\/cm (1gr\/lt<strong>)<\/strong><\/span><\/td>\n<\/tr>\n<\/tbody>\n<\/table>\n<\/div>\n<\/div>\n<\/div>\n<h2><\/h2>\n","protected":false},"excerpt":{"rendered":"<p>Floral K, \u00f6zellikle t\u00fcm dekoratif ve tar\u0131msal mahsullerin ge\u00e7 biyolojik a\u015famalar\u0131 i\u00e7in belirtilen bir yaprak emilim preparat\u0131d\u0131r.\u00a0 NPK oran\u0131, hafif\u00e7e potasyum lehinedir ve y\u00fcksek dengeli olan eser elementleri, bitkilerin \u00fcretim d\u00f6ng\u00fcs\u00fcn\u00fcn tam olarak etkin bir \u015fekilde tamamlanmas\u0131n\u0131 sa\u011flamaktad\u0131r. \u0130\u00e7erdi\u011fi besin maddelerinin y\u00fcksek safl\u0131\u011f\u0131 ve kalitesi, \u00fcr\u00fcn\u00fcn tam \u00e7\u00f6z\u00fcn\u00fcrl\u00fc\u011f\u00fcn\u00fc ve d\u00fc\u015f\u00fck tuzlu \u00e7\u00f6zelti elde etmeyi sa\u011flar. [&hellip;]<\/p>\n","protected":false},"featured_media":0,"comment_status":"open","ping_status":"closed","template":"","meta":{"om_disable_all_campaigns":false,"_monsterinsights_skip_tracking":false,"_monsterinsights_sitenote_active":false,"_monsterinsights_sitenote_note":"","_monsterinsights_sitenote_category":0,"spay_email":""},"_links":{"self":[{"href":"http:\/\/suagro.com.tr\/index.php\/wp-json\/wp\/v2\/product\/77"}],"collection":[{"href":"http:\/\/suagro.com.tr\/index.php\/wp-json\/wp\/v2\/product"}],"about":[{"href":"http:\/\/suagro.com.tr\/index.php\/wp-json\/wp\/v2\/types\/product"}],"replies":[{"embeddable":true,"href":"http:\/\/suagro.com.tr\/index.php\/wp-json\/wp\/v2\/comments?post=77"}],"wp:attachment":[{"href":"http:\/\/suagro.com.tr\/index.php\/wp-json\/wp\/v2\/media?parent=77"}],"curies":[{"name":"wp","href":"https:\/\/api.w.org\/{rel}","templated":true}]}}